
{"id":154825,"date":"2025-02-19T15:05:00","date_gmt":"2025-02-19T13:05:00","guid":{"rendered":"https:\/\/www.brandivaate.fi\/tillganglighet-pa\/"},"modified":"2025-06-18T10:26:12","modified_gmt":"2025-06-18T07:26:12","slug":"tillganglighet-pa","status":"publish","type":"page","link":"https:\/\/www.brandivaate.fi\/sv\/tillganglighet-pa\/","title":{"rendered":"Tillg\u00e4nglighet p\u00e5"},"content":{"rendered":"\t\t<div data-elementor-type=\"wp-page\" data-elementor-id=\"154825\" class=\"elementor elementor-154825 elementor-4077\" data-elementor-post-type=\"page\">\n\t\t\t\t<div class=\"elementor-element elementor-element-40a65ae e-con-full e-flex e-con e-parent\" data-id=\"40a65ae\" data-element_type=\"container\" data-e-type=\"container\" data-settings=\"{&quot;jet_parallax_layout_list&quot;:[]}\">\n\t\t\t\t<div class=\"elementor-element elementor-element-9ab581c elementor-widget elementor-widget-shortcode\" data-id=\"9ab581c\" data-element_type=\"widget\" data-e-type=\"widget\" data-widget_type=\"shortcode.default\">\n\t\t\t\t<div class=\"elementor-widget-container\">\n\t\t\t\t\t\t\t<div class=\"elementor-shortcode\">\t\t<div data-elementor-type=\"section\" data-elementor-id=\"154925\" class=\"elementor elementor-154925 elementor-5245 elementor-5245\" data-elementor-post-type=\"elementor_library\">\n\t\t\t<div class=\"elementor-element elementor-element-932ee4c e-flex e-con-boxed e-con e-parent\" data-id=\"932ee4c\" data-element_type=\"container\" data-e-type=\"container\" data-settings=\"{&quot;jet_parallax_layout_list&quot;:[],&quot;background_background&quot;:&quot;classic&quot;}\">\n\t\t\t\t\t<div class=\"e-con-inner\">\n\t\t\t\t<div class=\"elementor-element elementor-element-132cc3a2 jet-breadcrumbs-align-center elementor-widget elementor-widget-jet-breadcrumbs\" data-id=\"132cc3a2\" data-element_type=\"widget\" data-e-type=\"widget\" data-widget_type=\"jet-breadcrumbs.default\">\n\t\t\t\t<div class=\"elementor-widget-container\">\n\t\t\t\t\t<div class=\"elementor-jet-breadcrumbs jet-blocks\">\n\t\t<div class=\"jet-breadcrumbs\">\n\t\t<div class=\"jet-breadcrumbs__content\">\n\t\t<div class=\"jet-breadcrumbs__wrap\"><div class=\"jet-breadcrumbs__item\"><a href=\"https:\/\/www.brandivaate.fi\/sv\/\" class=\"jet-breadcrumbs__item-link is-home\" rel=\"home\" title=\"Startsida\">Startsida<\/a><\/div>\n\t\t<\/div>\n\t\t<\/div>\n\t\t<\/div><\/div>\t\t\t\t<\/div>\n\t\t\t\t<\/div>\n\t\t\t\t\t<\/div>\n\t\t\t\t<\/div>\n\t\t\t\t<\/div>\n\t\t<\/div>\n\t\t\t\t\t\t<\/div>\n\t\t\t\t<\/div>\n\t\t\t\t<\/div>\n\t\t<div class=\"elementor-element elementor-element-5d4efe2 osiomargin e-flex e-con-boxed e-con e-parent\" data-id=\"5d4efe2\" data-element_type=\"container\" data-e-type=\"container\" data-settings=\"{&quot;jet_parallax_layout_list&quot;:[]}\">\n\t\t\t\t\t<div class=\"e-con-inner\">\n\t\t\t\t<div class=\"elementor-element elementor-element-fc325f6 elementor-widget elementor-widget-shortcode\" data-id=\"fc325f6\" data-element_type=\"widget\" data-e-type=\"widget\" data-widget_type=\"shortcode.default\">\n\t\t\t\t<div class=\"elementor-widget-container\">\n\t\t\t\t\t\t\t<div class=\"elementor-shortcode\"><\/div>\n\t\t\t\t\t\t<\/div>\n\t\t\t\t<\/div>\n\t\t\t\t<div class=\"elementor-element elementor-element-1c6e1bf elementor-alert-info elementor-widget elementor-widget-alert\" data-id=\"1c6e1bf\" data-element_type=\"widget\" data-e-type=\"widget\" data-widget_type=\"alert.default\">\n\t\t\t\t<div class=\"elementor-widget-container\">\n\t\t\t\t\t\t\t<div class=\"elementor-alert\" role=\"alert\">\n\n\t\t\t\t\t\t<span class=\"elementor-alert-title\">Vi f\u00f6rbeh\u00e5ller oss r\u00e4tten till pris\u00e4ndringar. Eventuella leveranskostnader och till\u00e4mplig moms tillkommer p\u00e5 priserna.<\/span>\n\t\t\t\n\t\t\t\n\t\t\t\n\t\t<\/div>\n\t\t\t\t\t\t<\/div>\n\t\t\t\t<\/div>\n\t\t\t\t\t<\/div>\n\t\t\t\t<\/div>\n\t\t\t\t<\/div>\n\t\t","protected":false},"excerpt":{"rendered":"<p>Vi f\u00f6rbeh\u00e5ller oss r\u00e4tten till pris\u00e4ndringar. Eventuella leveranskostnader och till\u00e4mplig moms tillkommer p\u00e5 priserna.<\/p>\n","protected":false},"author":1,"featured_media":0,"parent":0,"menu_order":0,"comment_status":"closed","ping_status":"closed","template":"elementor_header_footer","meta":{"footnotes":""},"class_list":["post-154825","page","type-page","status-publish","hentry"],"yoast_head":"<!-- This site is optimized with the Yoast SEO plugin v27.3 - https:\/\/yoast.com\/product\/yoast-seo-wordpress\/ -->\n<title>Tillg\u00e4nglighet p\u00e5 | Br\u00e4ndivaate<\/title>\n<meta name=\"robots\" content=\"index, follow, max-snippet:-1, max-image-preview:large, max-video-preview:-1\" \/>\n<link rel=\"canonical\" href=\"https:\/\/www.brandivaate.fi\/sv\/tillganglighet-pa\/\" \/>\n<meta property=\"og:locale\" content=\"sv_SE\" \/>\n<meta property=\"og:type\" content=\"article\" \/>\n<meta property=\"og:title\" content=\"Tillg\u00e4nglighet p\u00e5 | Br\u00e4ndivaate\" \/>\n<meta property=\"og:description\" content=\"Vi f\u00f6rbeh\u00e5ller oss r\u00e4tten till pris\u00e4ndringar. Eventuella leveranskostnader och till\u00e4mplig moms tillkommer p\u00e5 priserna.\" \/>\n<meta property=\"og:url\" content=\"https:\/\/www.brandivaate.fi\/sv\/tillganglighet-pa\/\" \/>\n<meta property=\"og:site_name\" content=\"Br\u00e4ndivaate\" \/>\n<meta property=\"article:publisher\" content=\"https:\/\/www.facebook.com\/brandivaate.fi\/\" \/>\n<meta property=\"article:modified_time\" content=\"2025-06-18T07:26:12+00:00\" \/>\n<meta property=\"og:image\" content=\"https:\/\/www.brandivaate.fi\/wp-content\/uploads\/2024\/12\/jakokuva.jpg\" \/>\n\t<meta property=\"og:image:width\" content=\"1920\" \/>\n\t<meta property=\"og:image:height\" content=\"1080\" \/>\n\t<meta property=\"og:image:type\" content=\"image\/jpeg\" \/>\n<meta name=\"twitter:card\" content=\"summary_large_image\" \/>\n<script type=\"application\/ld+json\" class=\"yoast-schema-graph\">{\"@context\":\"https:\\\/\\\/schema.org\",\"@graph\":[{\"@type\":\"WebPage\",\"@id\":\"https:\\\/\\\/www.brandivaate.fi\\\/sv\\\/tillganglighet-pa\\\/\",\"url\":\"https:\\\/\\\/www.brandivaate.fi\\\/sv\\\/tillganglighet-pa\\\/\",\"name\":\"Tillg\u00e4nglighet p\u00e5 | Br\u00e4ndivaate\",\"isPartOf\":{\"@id\":\"https:\\\/\\\/www.brandivaate.fi\\\/#website\"},\"datePublished\":\"2025-02-19T13:05:00+00:00\",\"dateModified\":\"2025-06-18T07:26:12+00:00\",\"breadcrumb\":{\"@id\":\"https:\\\/\\\/www.brandivaate.fi\\\/sv\\\/tillganglighet-pa\\\/#breadcrumb\"},\"inLanguage\":\"sv-SE\",\"potentialAction\":[{\"@type\":\"ReadAction\",\"target\":[\"https:\\\/\\\/www.brandivaate.fi\\\/sv\\\/tillganglighet-pa\\\/\"]}]},{\"@type\":\"BreadcrumbList\",\"@id\":\"https:\\\/\\\/www.brandivaate.fi\\\/sv\\\/tillganglighet-pa\\\/#breadcrumb\",\"itemListElement\":[{\"@type\":\"ListItem\",\"position\":1,\"name\":\"Etusivu\",\"item\":\"https:\\\/\\\/www.brandivaate.fi\\\/sv\\\/startsida\\\/\"},{\"@type\":\"ListItem\",\"position\":2,\"name\":\"Tillg\u00e4nglighet p\u00e5\"}]},{\"@type\":\"WebSite\",\"@id\":\"https:\\\/\\\/www.brandivaate.fi\\\/#website\",\"url\":\"https:\\\/\\\/www.brandivaate.fi\\\/\",\"name\":\"Br\u00e4ndivaate\",\"description\":\"Tehd\u00e4\u00e4n yhdess\u00e4 br\u00e4ndist\u00e4si vahvempi\",\"publisher\":{\"@id\":\"https:\\\/\\\/www.brandivaate.fi\\\/#organization\"},\"potentialAction\":[{\"@type\":\"SearchAction\",\"target\":{\"@type\":\"EntryPoint\",\"urlTemplate\":\"https:\\\/\\\/www.brandivaate.fi\\\/?s={search_term_string}\"},\"query-input\":{\"@type\":\"PropertyValueSpecification\",\"valueRequired\":true,\"valueName\":\"search_term_string\"}}],\"inLanguage\":\"sv-SE\"},{\"@type\":\"Organization\",\"@id\":\"https:\\\/\\\/www.brandivaate.fi\\\/#organization\",\"name\":\"Br\u00e4ndivaate\",\"url\":\"https:\\\/\\\/www.brandivaate.fi\\\/\",\"logo\":{\"@type\":\"ImageObject\",\"inLanguage\":\"sv-SE\",\"@id\":\"https:\\\/\\\/www.brandivaate.fi\\\/#\\\/schema\\\/logo\\\/image\\\/\",\"url\":\"https:\\\/\\\/www.brandivaate.fi\\\/wp-content\\\/uploads\\\/2024\\\/12\\\/logo_brandivaate_pos.png\",\"contentUrl\":\"https:\\\/\\\/www.brandivaate.fi\\\/wp-content\\\/uploads\\\/2024\\\/12\\\/logo_brandivaate_pos.png\",\"width\":2142,\"height\":368,\"caption\":\"Br\u00e4ndivaate\"},\"image\":{\"@id\":\"https:\\\/\\\/www.brandivaate.fi\\\/#\\\/schema\\\/logo\\\/image\\\/\"},\"sameAs\":[\"https:\\\/\\\/www.facebook.com\\\/brandivaate.fi\\\/\",\"https:\\\/\\\/www.instagram.com\\\/brandivaate\\\/\",\"https:\\\/\\\/www.linkedin.com\\\/company\\\/42705921\"]}]}<\/script>\n<!-- \/ Yoast SEO plugin. -->","yoast_head_json":{"title":"Tillg\u00e4nglighet p\u00e5 | Br\u00e4ndivaate","robots":{"index":"index","follow":"follow","max-snippet":"max-snippet:-1","max-image-preview":"max-image-preview:large","max-video-preview":"max-video-preview:-1"},"canonical":"https:\/\/www.brandivaate.fi\/sv\/tillganglighet-pa\/","og_locale":"sv_SE","og_type":"article","og_title":"Tillg\u00e4nglighet p\u00e5 | Br\u00e4ndivaate","og_description":"Vi f\u00f6rbeh\u00e5ller oss r\u00e4tten till pris\u00e4ndringar. Eventuella leveranskostnader och till\u00e4mplig moms tillkommer p\u00e5 priserna.","og_url":"https:\/\/www.brandivaate.fi\/sv\/tillganglighet-pa\/","og_site_name":"Br\u00e4ndivaate","article_publisher":"https:\/\/www.facebook.com\/brandivaate.fi\/","article_modified_time":"2025-06-18T07:26:12+00:00","og_image":[{"width":1920,"height":1080,"url":"https:\/\/www.brandivaate.fi\/wp-content\/uploads\/2024\/12\/jakokuva.jpg","type":"image\/jpeg"}],"twitter_card":"summary_large_image","schema":{"@context":"https:\/\/schema.org","@graph":[{"@type":"WebPage","@id":"https:\/\/www.brandivaate.fi\/sv\/tillganglighet-pa\/","url":"https:\/\/www.brandivaate.fi\/sv\/tillganglighet-pa\/","name":"Tillg\u00e4nglighet p\u00e5 | Br\u00e4ndivaate","isPartOf":{"@id":"https:\/\/www.brandivaate.fi\/#website"},"datePublished":"2025-02-19T13:05:00+00:00","dateModified":"2025-06-18T07:26:12+00:00","breadcrumb":{"@id":"https:\/\/www.brandivaate.fi\/sv\/tillganglighet-pa\/#breadcrumb"},"inLanguage":"sv-SE","potentialAction":[{"@type":"ReadAction","target":["https:\/\/www.brandivaate.fi\/sv\/tillganglighet-pa\/"]}]},{"@type":"BreadcrumbList","@id":"https:\/\/www.brandivaate.fi\/sv\/tillganglighet-pa\/#breadcrumb","itemListElement":[{"@type":"ListItem","position":1,"name":"Etusivu","item":"https:\/\/www.brandivaate.fi\/sv\/startsida\/"},{"@type":"ListItem","position":2,"name":"Tillg\u00e4nglighet p\u00e5"}]},{"@type":"WebSite","@id":"https:\/\/www.brandivaate.fi\/#website","url":"https:\/\/www.brandivaate.fi\/","name":"Br\u00e4ndivaate","description":"Tehd\u00e4\u00e4n yhdess\u00e4 br\u00e4ndist\u00e4si vahvempi","publisher":{"@id":"https:\/\/www.brandivaate.fi\/#organization"},"potentialAction":[{"@type":"SearchAction","target":{"@type":"EntryPoint","urlTemplate":"https:\/\/www.brandivaate.fi\/?s={search_term_string}"},"query-input":{"@type":"PropertyValueSpecification","valueRequired":true,"valueName":"search_term_string"}}],"inLanguage":"sv-SE"},{"@type":"Organization","@id":"https:\/\/www.brandivaate.fi\/#organization","name":"Br\u00e4ndivaate","url":"https:\/\/www.brandivaate.fi\/","logo":{"@type":"ImageObject","inLanguage":"sv-SE","@id":"https:\/\/www.brandivaate.fi\/#\/schema\/logo\/image\/","url":"https:\/\/www.brandivaate.fi\/wp-content\/uploads\/2024\/12\/logo_brandivaate_pos.png","contentUrl":"https:\/\/www.brandivaate.fi\/wp-content\/uploads\/2024\/12\/logo_brandivaate_pos.png","width":2142,"height":368,"caption":"Br\u00e4ndivaate"},"image":{"@id":"https:\/\/www.brandivaate.fi\/#\/schema\/logo\/image\/"},"sameAs":["https:\/\/www.facebook.com\/brandivaate.fi\/","https:\/\/www.instagram.com\/brandivaate\/","https:\/\/www.linkedin.com\/company\/42705921"]}]}},"_links":{"self":[{"href":"https:\/\/www.brandivaate.fi\/sv\/wp-json\/wp\/v2\/pages\/154825","targetHints":{"allow":["GET"]}}],"collection":[{"href":"https:\/\/www.brandivaate.fi\/sv\/wp-json\/wp\/v2\/pages"}],"about":[{"href":"https:\/\/www.brandivaate.fi\/sv\/wp-json\/wp\/v2\/types\/page"}],"author":[{"embeddable":true,"href":"https:\/\/www.brandivaate.fi\/sv\/wp-json\/wp\/v2\/users\/1"}],"replies":[{"embeddable":true,"href":"https:\/\/www.brandivaate.fi\/sv\/wp-json\/wp\/v2\/comments?post=154825"}],"version-history":[{"count":1,"href":"https:\/\/www.brandivaate.fi\/sv\/wp-json\/wp\/v2\/pages\/154825\/revisions"}],"predecessor-version":[{"id":154826,"href":"https:\/\/www.brandivaate.fi\/sv\/wp-json\/wp\/v2\/pages\/154825\/revisions\/154826"}],"wp:attachment":[{"href":"https:\/\/www.brandivaate.fi\/sv\/wp-json\/wp\/v2\/media?parent=154825"}],"curies":[{"name":"wp","href":"https:\/\/api.w.org\/{rel}","templated":true}]}}