
{"id":269414,"date":"2025-02-07T12:14:17","date_gmt":"2025-02-07T10:14:17","guid":{"rendered":"https:\/\/www.brandivaate.fi\/tuote\/kredit\/"},"modified":"2025-02-07T12:14:17","modified_gmt":"2025-02-07T10:14:17","slug":"kredit","status":"publish","type":"product","link":"https:\/\/www.brandivaate.fi\/sv\/tuote\/kredit\/","title":{"rendered":"Kredit"},"content":{"rendered":"","protected":false},"excerpt":{"rendered":"","protected":false},"featured_media":0,"comment_status":"","ping_status":"closed","template":"","meta":[],"product_brand":[],"product_cat":[34],"product_tag":[],"own-products":[],"class_list":{"0":"post-269414","1":"product","2":"type-product","3":"status-publish","5":"product_cat-yleinen","7":"first","8":"instock","9":"virtual","10":"purchasable","11":"product-type-simple"},"yoast_head":"<!-- This site is optimized with the Yoast SEO plugin v27.4 - https:\/\/yoast.com\/product\/yoast-seo-wordpress\/ -->\n<title>Kredit | Br\u00e4ndivaate<\/title>\n<meta name=\"robots\" content=\"noindex, follow\" \/>\n<meta property=\"og:locale\" content=\"sv_SE\" \/>\n<meta property=\"og:type\" content=\"article\" \/>\n<meta property=\"og:title\" content=\"Kredit | Br\u00e4ndivaate\" \/>\n<meta property=\"og:url\" content=\"https:\/\/www.brandivaate.fi\/tuote\/kredit\/\" \/>\n<meta property=\"og:site_name\" content=\"Br\u00e4ndivaate\" \/>\n<meta property=\"article:publisher\" content=\"https:\/\/www.facebook.com\/brandivaate.fi\/\" \/>\n<meta property=\"og:image\" content=\"https:\/\/www.brandivaate.fi\/wp-content\/uploads\/2024\/12\/jakokuva.jpg\" \/>\n\t<meta property=\"og:image:width\" content=\"1920\" \/>\n\t<meta property=\"og:image:height\" content=\"1080\" \/>\n\t<meta property=\"og:image:type\" content=\"image\/jpeg\" \/>\n<meta name=\"twitter:card\" content=\"summary_large_image\" \/>\n<script type=\"application\/ld+json\" class=\"yoast-schema-graph\">{\"@context\":\"https:\\\/\\\/schema.org\",\"@graph\":[{\"@type\":\"WebPage\",\"@id\":\"https:\\\/\\\/www.brandivaate.fi\\\/tuote\\\/kredit\\\/\",\"url\":\"https:\\\/\\\/www.brandivaate.fi\\\/tuote\\\/kredit\\\/\",\"name\":\"Kredit | Br\u00e4ndivaate\",\"isPartOf\":{\"@id\":\"https:\\\/\\\/www.brandivaate.fi\\\/#website\"},\"datePublished\":\"2025-02-07T10:14:17+00:00\",\"breadcrumb\":{\"@id\":\"https:\\\/\\\/www.brandivaate.fi\\\/tuote\\\/kredit\\\/#breadcrumb\"},\"inLanguage\":\"sv-SE\",\"potentialAction\":[{\"@type\":\"ReadAction\",\"target\":[\"https:\\\/\\\/www.brandivaate.fi\\\/tuote\\\/kredit\\\/\"]}]},{\"@type\":\"BreadcrumbList\",\"@id\":\"https:\\\/\\\/www.brandivaate.fi\\\/tuote\\\/kredit\\\/#breadcrumb\",\"itemListElement\":[{\"@type\":\"ListItem\",\"position\":1,\"name\":\"Etusivu\",\"item\":\"https:\\\/\\\/www.brandivaate.fi\\\/sv\\\/startsida\\\/\"},{\"@type\":\"ListItem\",\"position\":2,\"name\":\"Produkter\",\"item\":\"https:\\\/\\\/www.brandivaate.fi\\\/sv\\\/produkter\\\/\"},{\"@type\":\"ListItem\",\"position\":3,\"name\":\"Kredit\"}]},{\"@type\":\"WebSite\",\"@id\":\"https:\\\/\\\/www.brandivaate.fi\\\/#website\",\"url\":\"https:\\\/\\\/www.brandivaate.fi\\\/\",\"name\":\"Br\u00e4ndivaate\",\"description\":\"Tehd\u00e4\u00e4n yhdess\u00e4 br\u00e4ndist\u00e4si vahvempi\",\"publisher\":{\"@id\":\"https:\\\/\\\/www.brandivaate.fi\\\/#organization\"},\"potentialAction\":[{\"@type\":\"SearchAction\",\"target\":{\"@type\":\"EntryPoint\",\"urlTemplate\":\"https:\\\/\\\/www.brandivaate.fi\\\/?s={search_term_string}\"},\"query-input\":{\"@type\":\"PropertyValueSpecification\",\"valueRequired\":true,\"valueName\":\"search_term_string\"}}],\"inLanguage\":\"sv-SE\"},{\"@type\":\"Organization\",\"@id\":\"https:\\\/\\\/www.brandivaate.fi\\\/#organization\",\"name\":\"Br\u00e4ndivaate\",\"url\":\"https:\\\/\\\/www.brandivaate.fi\\\/\",\"logo\":{\"@type\":\"ImageObject\",\"inLanguage\":\"sv-SE\",\"@id\":\"https:\\\/\\\/www.brandivaate.fi\\\/#\\\/schema\\\/logo\\\/image\\\/\",\"url\":\"https:\\\/\\\/www.brandivaate.fi\\\/wp-content\\\/uploads\\\/2024\\\/12\\\/logo_brandivaate_pos.png\",\"contentUrl\":\"https:\\\/\\\/www.brandivaate.fi\\\/wp-content\\\/uploads\\\/2024\\\/12\\\/logo_brandivaate_pos.png\",\"width\":2142,\"height\":368,\"caption\":\"Br\u00e4ndivaate\"},\"image\":{\"@id\":\"https:\\\/\\\/www.brandivaate.fi\\\/#\\\/schema\\\/logo\\\/image\\\/\"},\"sameAs\":[\"https:\\\/\\\/www.facebook.com\\\/brandivaate.fi\\\/\",\"https:\\\/\\\/www.instagram.com\\\/brandivaate\\\/\",\"https:\\\/\\\/www.linkedin.com\\\/company\\\/42705921\"]}]}<\/script>\n<!-- \/ Yoast SEO plugin. -->","yoast_head_json":{"title":"Kredit | Br\u00e4ndivaate","robots":{"index":"noindex","follow":"follow"},"og_locale":"sv_SE","og_type":"article","og_title":"Kredit | Br\u00e4ndivaate","og_url":"https:\/\/www.brandivaate.fi\/tuote\/kredit\/","og_site_name":"Br\u00e4ndivaate","article_publisher":"https:\/\/www.facebook.com\/brandivaate.fi\/","og_image":[{"width":1920,"height":1080,"url":"https:\/\/www.brandivaate.fi\/wp-content\/uploads\/2024\/12\/jakokuva.jpg","type":"image\/jpeg"}],"twitter_card":"summary_large_image","schema":{"@context":"https:\/\/schema.org","@graph":[{"@type":"WebPage","@id":"https:\/\/www.brandivaate.fi\/tuote\/kredit\/","url":"https:\/\/www.brandivaate.fi\/tuote\/kredit\/","name":"Kredit | Br\u00e4ndivaate","isPartOf":{"@id":"https:\/\/www.brandivaate.fi\/#website"},"datePublished":"2025-02-07T10:14:17+00:00","breadcrumb":{"@id":"https:\/\/www.brandivaate.fi\/tuote\/kredit\/#breadcrumb"},"inLanguage":"sv-SE","potentialAction":[{"@type":"ReadAction","target":["https:\/\/www.brandivaate.fi\/tuote\/kredit\/"]}]},{"@type":"BreadcrumbList","@id":"https:\/\/www.brandivaate.fi\/tuote\/kredit\/#breadcrumb","itemListElement":[{"@type":"ListItem","position":1,"name":"Etusivu","item":"https:\/\/www.brandivaate.fi\/sv\/startsida\/"},{"@type":"ListItem","position":2,"name":"Produkter","item":"https:\/\/www.brandivaate.fi\/sv\/produkter\/"},{"@type":"ListItem","position":3,"name":"Kredit"}]},{"@type":"WebSite","@id":"https:\/\/www.brandivaate.fi\/#website","url":"https:\/\/www.brandivaate.fi\/","name":"Br\u00e4ndivaate","description":"Tehd\u00e4\u00e4n yhdess\u00e4 br\u00e4ndist\u00e4si vahvempi","publisher":{"@id":"https:\/\/www.brandivaate.fi\/#organization"},"potentialAction":[{"@type":"SearchAction","target":{"@type":"EntryPoint","urlTemplate":"https:\/\/www.brandivaate.fi\/?s={search_term_string}"},"query-input":{"@type":"PropertyValueSpecification","valueRequired":true,"valueName":"search_term_string"}}],"inLanguage":"sv-SE"},{"@type":"Organization","@id":"https:\/\/www.brandivaate.fi\/#organization","name":"Br\u00e4ndivaate","url":"https:\/\/www.brandivaate.fi\/","logo":{"@type":"ImageObject","inLanguage":"sv-SE","@id":"https:\/\/www.brandivaate.fi\/#\/schema\/logo\/image\/","url":"https:\/\/www.brandivaate.fi\/wp-content\/uploads\/2024\/12\/logo_brandivaate_pos.png","contentUrl":"https:\/\/www.brandivaate.fi\/wp-content\/uploads\/2024\/12\/logo_brandivaate_pos.png","width":2142,"height":368,"caption":"Br\u00e4ndivaate"},"image":{"@id":"https:\/\/www.brandivaate.fi\/#\/schema\/logo\/image\/"},"sameAs":["https:\/\/www.facebook.com\/brandivaate.fi\/","https:\/\/www.instagram.com\/brandivaate\/","https:\/\/www.linkedin.com\/company\/42705921"]}]}},"_links":{"self":[{"href":"https:\/\/www.brandivaate.fi\/sv\/wp-json\/wp\/v2\/product\/269414","targetHints":{"allow":["GET"]}}],"collection":[{"href":"https:\/\/www.brandivaate.fi\/sv\/wp-json\/wp\/v2\/product"}],"about":[{"href":"https:\/\/www.brandivaate.fi\/sv\/wp-json\/wp\/v2\/types\/product"}],"replies":[{"embeddable":true,"href":"https:\/\/www.brandivaate.fi\/sv\/wp-json\/wp\/v2\/comments?post=269414"}],"wp:attachment":[{"href":"https:\/\/www.brandivaate.fi\/sv\/wp-json\/wp\/v2\/media?parent=269414"}],"wp:term":[{"taxonomy":"product_brand","embeddable":true,"href":"https:\/\/www.brandivaate.fi\/sv\/wp-json\/wp\/v2\/product_brand?post=269414"},{"taxonomy":"product_cat","embeddable":true,"href":"https:\/\/www.brandivaate.fi\/sv\/wp-json\/wp\/v2\/product_cat?post=269414"},{"taxonomy":"product_tag","embeddable":true,"href":"https:\/\/www.brandivaate.fi\/sv\/wp-json\/wp\/v2\/product_tag?post=269414"},{"taxonomy":"own-products","embeddable":true,"href":"https:\/\/www.brandivaate.fi\/sv\/wp-json\/wp\/v2\/own-products?post=269414"}],"curies":[{"name":"wp","href":"https:\/\/api.w.org\/{rel}","templated":true}]}}